{"id":629,"date":"2023-11-30T10:20:32","date_gmt":"2023-11-30T08:20:32","guid":{"rendered":"https:\/\/www.tonin-avain-ja-suutari.fi\/integritetspolicy\/"},"modified":"2023-12-08T05:49:41","modified_gmt":"2023-12-08T03:49:41","slug":"integritetspolicy","status":"publish","type":"page","link":"https:\/\/www.tonin-avain-ja-suutari.fi\/sv\/integritetspolicy\/","title":{"rendered":"Integritetspolicy"},"content":{"rendered":"\t\t<div data-elementor-type=\"wp-page\" data-elementor-id=\"629\" class=\"elementor elementor-629 elementor-3\" data-elementor-post-type=\"page\">\n\t\t\t\t<div class=\"elementor-element elementor-element-e37fb8a e-flex e-con-boxed e-con e-parent\" data-id=\"e37fb8a\" data-element_type=\"container\" data-e-type=\"container\">\n\t\t\t\t\t<div class=\"e-con-inner\">\n\t\t\t\t<div class=\"elementor-element elementor-element-9cd0c55 elementor-widget elementor-widget-text-editor\" data-id=\"9cd0c55\" data-element_type=\"widget\" data-e-type=\"widget\" data-widget_type=\"text-editor.default\">\n\t\t\t\t<div class=\"elementor-widget-container\">\n\t\t\t\t\t\t\t\t\t\n<h2>Vilka vi \u00e4r<\/h2>\n\n<p>Adressen till v\u00e5r webbplats \u00e4r: https:\/\/www.tonin-avain-ja-suutari.fi.<\/p>\n\n<h2>Kommentarer<\/h2>\n\n<p>N\u00e4r bes\u00f6kare l\u00e4mnar kommentarer p\u00e5 sajten samlar vi in \u200b\u200binformationen som visas i kommentarsformul\u00e4ret, samt bes\u00f6karens IP-adress och webbl\u00e4sarens anv\u00e4ndaragentk\u00f6 f\u00f6r att underl\u00e4tta identifiering av skr\u00e4ppost.<\/p>\n\n<p>En anonymiserad str\u00e4ng (\u00e4ven kallad en hash) som genereras fr\u00e5n din e-postadress kan skickas till Gravatar f\u00f6r att se om du anv\u00e4nder den. Sekretesspolicyn f\u00f6r Gravatar-tj\u00e4nsten finns tillg\u00e4nglig h\u00e4r: https:\/\/automattic.com\/privacy\/. N\u00e4r din kommentar har godk\u00e4nts kommer din profilbild att visas offentligt tillsammans med din kommentar.<\/p>\n\n<h2>Media<\/h2>\n\n<p>Om du laddar upp bilder till en webbplats b\u00f6r du undvika att ladda upp bilder med inb\u00e4ddad platsinformation (EXIF GPS). Webbplatsbes\u00f6kare kan ladda ner och extrahera all platsinformation fr\u00e5n bilder p\u00e5 webbplatsen.<\/p>\n\n<h2>Cookies<\/h2>\n\n<p>Om du l\u00e4mnar en kommentar p\u00e5 v\u00e5r sida kan du valfritt spara ditt namn, din e-postadress och din webbplats i cookies. Dessa \u00e4r till f\u00f6r din bekv\u00e4mlighet s\u00e5 att du inte beh\u00f6ver fylla i dina uppgifter igen n\u00e4r du l\u00e4mnar en annan kommentar. Dessa cookies lagras i ett \u00e5r.<\/p>\n\n<p>Om du bes\u00f6ker v\u00e5r inloggningssida s\u00e4tter vi en tillf\u00e4llig cookie f\u00f6r att avg\u00f6ra om din webbl\u00e4sare accepterar cookies. Denna cookie inneh\u00e5ller ingen personlig information och kasseras n\u00e4r du st\u00e4nger din webbl\u00e4sare.<\/p>\n\n<p>N\u00e4r du loggar in s\u00e4tter vi ocks\u00e5 flera cookies f\u00f6r att lagra dina inloggningsuppgifter och sk\u00e4rmval. Inloggningscookies varar i tv\u00e5 dagar och visar inst\u00e4llningscookies i ett \u00e5r. Om du v\u00e4ljer &#8221;Kom ih\u00e5g mig&#8221; kommer din inloggning att finnas kvar i tv\u00e5 veckor. Om du loggar ut fr\u00e5n ditt konto kommer inloggningscookies att raderas.<\/p>\n\n<p>Om du redigerar eller publicerar en artikel lagras ytterligare en cookie i din webbl\u00e4sare. Denna cookie inneh\u00e5ller ingen personlig information och anger helt enkelt meddelande-ID:t f\u00f6r artikeln du just redigerade. Den upph\u00f6r att g\u00e4lla efter 1 dag.<\/p>\n\n<h2>Inb\u00e4ddat inneh\u00e5ll fr\u00e5n andra webbplatser<\/h2>\n\n<p>Artiklar p\u00e5 denna webbplats kan inneh\u00e5lla inb\u00e4ddat inneh\u00e5ll (t.ex. videor, bilder, artiklar, etc.). Inb\u00e4ddat inneh\u00e5ll p\u00e5 andra webbplatser beter sig precis som om bes\u00f6karen hade bes\u00f6kt en annan webbplats.<\/p>\n\n<p>Dessa webbplatser kan samla in information om dig, anv\u00e4nda cookies, b\u00e4dda in ytterligare sp\u00e5rning fr\u00e5n tredje part och sp\u00e5ra dina interaktioner med inb\u00e4ddat inneh\u00e5ll, inklusive dina interaktioner med inb\u00e4ddat inneh\u00e5ll om du har ett konto och \u00e4r inloggad p\u00e5 den webbplatsen.<\/p>\n\n<h2>Vem vi delar din information med<\/h2>\n\n<p>Om du beg\u00e4r en l\u00f6senords\u00e4ndring kommer din IP-adress att inkluderas i \u00e5terst\u00e4llningsmeddelandet.<\/p>\n\n<h2>Hur l\u00e4nge vi sparar dina uppgifter<\/h2>\n\n<p>Om du l\u00e4mnar en kommentar kommer kommentaren och dess metadata att lagras p\u00e5 obest\u00e4md tid. Detta g\u00f6r att vi automatiskt kan identifiera och godk\u00e4nna alla uppf\u00f6ljande kommentarer ist\u00e4llet f\u00f6r att h\u00e5lla dem i en recensionsk\u00f6.<\/p>\n\n<p>F\u00f6r anv\u00e4ndare som registrerar sig p\u00e5 v\u00e5r webbplats (om n\u00e5gon) lagrar vi \u00e4ven den personliga information de tillhandah\u00e5ller i sina anv\u00e4ndarprofiler. Alla anv\u00e4ndare kan se, redigera eller radera sin personliga information n\u00e4r som helst (f\u00f6rutom att de inte kan \u00e4ndra sitt anv\u00e4ndarnamn). Webbplatsadministrat\u00f6rer kan ocks\u00e5 se och redigera denna information.<\/p>\n\n<h2>Vilka r\u00e4ttigheter du har till dina uppgifter<\/h2>\n\n<p>Om du har ett konto p\u00e5 den h\u00e4r webbplatsen eller har l\u00e4mnat kommentarer kan du beg\u00e4ra en exporterad fil med den personliga information vi har om dig, inklusive all information du har l\u00e4mnat till oss. Du kan ocks\u00e5 beg\u00e4ra att vi raderar alla personuppgifter vi har. Detta inkluderar inte information som vi beh\u00f6ver beh\u00e5lla f\u00f6r administrativa, juridiska eller s\u00e4kerhets\u00e4ndam\u00e5l.<\/p>\n\n<h2>Ditt din data skickas<\/h2>\n\n<p>Bes\u00f6kares kommentarer kan kontrolleras genom en automatisk spamdetekteringstj\u00e4nst.<\/p>\n\t\t\t\t\t\t\t\t<\/div>\n\t\t\t\t<\/div>\n\t\t\t\t\t<\/div>\n\t\t\t\t<\/div>\n\t\t\t\t<\/div>\n\t\t","protected":false},"excerpt":{"rendered":"<p>Vilka vi \u00e4r Adressen till v\u00e5r webbplats \u00e4r: https:\/\/www.tonin-avain-ja-suutari.fi. Kommentarer N\u00e4r bes\u00f6kare l\u00e4mnar kommentarer p\u00e5 sajten samlar vi in \u200b\u200binformationen som visas i kommentarsformul\u00e4ret, samt bes\u00f6karens IP-adress och webbl\u00e4sarens anv\u00e4ndaragentk\u00f6 f\u00f6r att underl\u00e4tta identifiering av skr\u00e4ppost. En anonymiserad str\u00e4ng (\u00e4ven kallad en hash) som genereras fr\u00e5n din e-postadress kan skickas till Gravatar f\u00f6r att se [&hellip;]<\/p>\n","protected":false},"author":1,"featured_media":0,"parent":0,"menu_order":0,"comment_status":"closed","ping_status":"open","template":"","meta":{"site-sidebar-layout":"default","site-content-layout":"","ast-site-content-layout":"default","site-content-style":"default","site-sidebar-style":"default","ast-global-header-display":"","ast-banner-title-visibility":"","ast-main-header-display":"","ast-hfb-above-header-display":"","ast-hfb-below-header-display":"","ast-hfb-mobile-header-display":"","site-post-title":"","ast-breadcrumbs-content":"","ast-featured-img":"","footer-sml-layout":"","ast-disable-related-posts":"","theme-transparent-header-meta":"","adv-header-id-meta":"","stick-header-meta":"","header-above-stick-meta":"","header-main-stick-meta":"","header-below-stick-meta":"","astra-migrate-meta-layouts":"default","ast-page-background-enabled":"default","ast-page-background-meta":{"desktop":{"background-color":"var(--ast-global-color-4)","background-image":"","background-repeat":"repeat","background-position":"center center","background-size":"auto","background-attachment":"scroll","background-type":"","background-media":"","overlay-type":"","overlay-color":"","overlay-opacity":"","overlay-gradient":""},"tablet":{"background-color":"","background-image":"","background-repeat":"repeat","background-position":"center center","background-size":"auto","background-attachment":"scroll","background-type":"","background-media":"","overlay-type":"","overlay-color":"","overlay-opacity":"","overlay-gradient":""},"mobile":{"background-color":"","background-image":"","background-repeat":"repeat","background-position":"center center","background-size":"auto","background-attachment":"scroll","background-type":"","background-media":"","overlay-type":"","overlay-color":"","overlay-opacity":"","overlay-gradient":""}},"ast-content-background-meta":{"desktop":{"background-color":"var(--ast-global-color-5)","background-image":"","background-repeat":"repeat","background-position":"center center","background-size":"auto","background-attachment":"scroll","background-type":"","background-media":"","overlay-type":"","overlay-color":"","overlay-opacity":"","overlay-gradient":""},"tablet":{"background-color":"var(--ast-global-color-5)","background-image":"","background-repeat":"repeat","background-position":"center center","background-size":"auto","background-attachment":"scroll","background-type":"","background-media":"","overlay-type":"","overlay-color":"","overlay-opacity":"","overlay-gradient":""},"mobile":{"background-color":"var(--ast-global-color-5)","background-image":"","background-repeat":"repeat","background-position":"center center","background-size":"auto","background-attachment":"scroll","background-type":"","background-media":"","overlay-type":"","overlay-color":"","overlay-opacity":"","overlay-gradient":""}},"footnotes":""},"class_list":["post-629","page","type-page","status-publish","hentry"],"yoast_head":"<!-- This site is optimized with the Yoast SEO Premium plugin v17.4 (Yoast SEO v17.4) - https:\/\/yoast.com\/wordpress\/plugins\/seo\/ -->\n<title>Integritetspolicy - Tonis nyckel och skomakare<\/title>\n<meta name=\"robots\" content=\"index, follow, max-snippet:-1, max-image-preview:large, max-video-preview:-1\" \/>\n<link rel=\"canonical\" href=\"https:\/\/www.tonin-avain-ja-suutari.fi\/sv\/integritetspolicy\/\" \/>\n<meta property=\"og:locale\" content=\"sv_SE\" \/>\n<meta property=\"og:type\" content=\"article\" \/>\n<meta property=\"og:title\" content=\"Integritetspolicy\" \/>\n<meta property=\"og:description\" content=\"Vilka vi \u00e4r Adressen till v\u00e5r webbplats \u00e4r: https:\/\/www.tonin-avain-ja-suutari.fi. Kommentarer N\u00e4r bes\u00f6kare l\u00e4mnar kommentarer p\u00e5 sajten samlar vi in \u200b\u200binformationen som visas i kommentarsformul\u00e4ret, samt bes\u00f6karens IP-adress och webbl\u00e4sarens anv\u00e4ndaragentk\u00f6 f\u00f6r att underl\u00e4tta identifiering av skr\u00e4ppost. En anonymiserad str\u00e4ng (\u00e4ven kallad en hash) som genereras fr\u00e5n din e-postadress kan skickas till Gravatar f\u00f6r att se [&hellip;]\" \/>\n<meta property=\"og:url\" content=\"https:\/\/www.tonin-avain-ja-suutari.fi\/sv\/integritetspolicy\/\" \/>\n<meta property=\"og:site_name\" content=\"Tonis nyckel och skomakare\" \/>\n<meta property=\"article:publisher\" content=\"https:\/\/www.facebook.com\/TonisSuutari\" \/>\n<meta property=\"article:modified_time\" content=\"2023-12-08T03:49:41+00:00\" \/>\n<meta name=\"twitter:card\" content=\"summary_large_image\" \/>\n<meta name=\"twitter:label1\" content=\"Est. reading time\" \/>\n\t<meta name=\"twitter:data1\" content=\"3 minuter\" \/>\n<script type=\"application\/ld+json\" class=\"yoast-schema-graph\">{\"@context\":\"https:\/\/schema.org\",\"@graph\":[{\"@type\":\"Organization\",\"@id\":\"https:\/\/www.tonin-avain-ja-suutari.fi\/sv\/#organization\",\"name\":\"Tonin avain ja Suutari\",\"url\":\"https:\/\/www.tonin-avain-ja-suutari.fi\/sv\/\",\"sameAs\":[\"https:\/\/www.facebook.com\/TonisSuutari\"],\"logo\":{\"@type\":\"ImageObject\",\"@id\":\"https:\/\/www.tonin-avain-ja-suutari.fi\/sv\/#logo\",\"inLanguage\":\"sv-SE\",\"url\":\"https:\/\/www.tonin-avain-ja-suutari.fi\/wp-content\/uploads\/2023\/12\/Suutari-500_500.png\",\"contentUrl\":\"https:\/\/www.tonin-avain-ja-suutari.fi\/wp-content\/uploads\/2023\/12\/Suutari-500_500.png\",\"width\":500,\"height\":346,\"caption\":\"Tonin avain ja Suutari\"},\"image\":{\"@id\":\"https:\/\/www.tonin-avain-ja-suutari.fi\/sv\/#logo\"}},{\"@type\":\"WebSite\",\"@id\":\"https:\/\/www.tonin-avain-ja-suutari.fi\/sv\/#website\",\"url\":\"https:\/\/www.tonin-avain-ja-suutari.fi\/sv\/\",\"name\":\"Tonin Avain ja Suutari\",\"description\":\"Bil\/hemnyckel kopiering\/kodning och skomakartj\\u00e4nster i Vasa\",\"publisher\":{\"@id\":\"https:\/\/www.tonin-avain-ja-suutari.fi\/sv\/#organization\"},\"potentialAction\":[{\"@type\":\"SearchAction\",\"target\":{\"@type\":\"EntryPoint\",\"urlTemplate\":\"https:\/\/www.tonin-avain-ja-suutari.fi\/sv\/?s={search_term_string}\"},\"query-input\":\"required name=search_term_string\"}],\"inLanguage\":\"sv-SE\"},{\"@type\":\"WebPage\",\"@id\":\"https:\/\/www.tonin-avain-ja-suutari.fi\/sv\/integritetspolicy\/#webpage\",\"url\":\"https:\/\/www.tonin-avain-ja-suutari.fi\/sv\/integritetspolicy\/\",\"name\":\"Integritetspolicy - Tonis nyckel och skomakare\",\"isPartOf\":{\"@id\":\"https:\/\/www.tonin-avain-ja-suutari.fi\/sv\/#website\"},\"datePublished\":\"2023-11-30T08:20:32+00:00\",\"dateModified\":\"2023-12-08T03:49:41+00:00\",\"breadcrumb\":{\"@id\":\"https:\/\/www.tonin-avain-ja-suutari.fi\/sv\/integritetspolicy\/#breadcrumb\"},\"inLanguage\":\"sv-SE\",\"potentialAction\":[{\"@type\":\"ReadAction\",\"target\":[\"https:\/\/www.tonin-avain-ja-suutari.fi\/sv\/integritetspolicy\/\"]}]},{\"@type\":\"BreadcrumbList\",\"@id\":\"https:\/\/www.tonin-avain-ja-suutari.fi\/sv\/integritetspolicy\/#breadcrumb\",\"itemListElement\":[{\"@type\":\"ListItem\",\"position\":1,\"name\":\"Hem\",\"item\":\"https:\/\/www.tonin-avain-ja-suutari.fi\/sv\/\"},{\"@type\":\"ListItem\",\"position\":2,\"name\":\"Integritetspolicy\"}]}]}<\/script>\n<!-- \/ Yoast SEO Premium plugin. -->","yoast_head_json":{"title":"Integritetspolicy - Tonis nyckel och skomakare","robots":{"index":"index","follow":"follow","max-snippet":"max-snippet:-1","max-image-preview":"max-image-preview:large","max-video-preview":"max-video-preview:-1"},"canonical":"https:\/\/www.tonin-avain-ja-suutari.fi\/sv\/integritetspolicy\/","og_locale":"sv_SE","og_type":"article","og_title":"Integritetspolicy","og_description":"Vilka vi \u00e4r Adressen till v\u00e5r webbplats \u00e4r: https:\/\/www.tonin-avain-ja-suutari.fi. Kommentarer N\u00e4r bes\u00f6kare l\u00e4mnar kommentarer p\u00e5 sajten samlar vi in \u200b\u200binformationen som visas i kommentarsformul\u00e4ret, samt bes\u00f6karens IP-adress och webbl\u00e4sarens anv\u00e4ndaragentk\u00f6 f\u00f6r att underl\u00e4tta identifiering av skr\u00e4ppost. En anonymiserad str\u00e4ng (\u00e4ven kallad en hash) som genereras fr\u00e5n din e-postadress kan skickas till Gravatar f\u00f6r att se [&hellip;]","og_url":"https:\/\/www.tonin-avain-ja-suutari.fi\/sv\/integritetspolicy\/","og_site_name":"Tonis nyckel och skomakare","article_publisher":"https:\/\/www.facebook.com\/TonisSuutari","article_modified_time":"2023-12-08T03:49:41+00:00","twitter_card":"summary_large_image","twitter_misc":{"Est. reading time":"3 minuter"},"schema":{"@context":"https:\/\/schema.org","@graph":[{"@type":"Organization","@id":"https:\/\/www.tonin-avain-ja-suutari.fi\/sv\/#organization","name":"Tonin avain ja Suutari","url":"https:\/\/www.tonin-avain-ja-suutari.fi\/sv\/","sameAs":["https:\/\/www.facebook.com\/TonisSuutari"],"logo":{"@type":"ImageObject","@id":"https:\/\/www.tonin-avain-ja-suutari.fi\/sv\/#logo","inLanguage":"sv-SE","url":"https:\/\/www.tonin-avain-ja-suutari.fi\/wp-content\/uploads\/2023\/12\/Suutari-500_500.png","contentUrl":"https:\/\/www.tonin-avain-ja-suutari.fi\/wp-content\/uploads\/2023\/12\/Suutari-500_500.png","width":500,"height":346,"caption":"Tonin avain ja Suutari"},"image":{"@id":"https:\/\/www.tonin-avain-ja-suutari.fi\/sv\/#logo"}},{"@type":"WebSite","@id":"https:\/\/www.tonin-avain-ja-suutari.fi\/sv\/#website","url":"https:\/\/www.tonin-avain-ja-suutari.fi\/sv\/","name":"Tonin Avain ja Suutari","description":"Bil\/hemnyckel kopiering\/kodning och skomakartj\u00e4nster i Vasa","publisher":{"@id":"https:\/\/www.tonin-avain-ja-suutari.fi\/sv\/#organization"},"potentialAction":[{"@type":"SearchAction","target":{"@type":"EntryPoint","urlTemplate":"https:\/\/www.tonin-avain-ja-suutari.fi\/sv\/?s={search_term_string}"},"query-input":"required name=search_term_string"}],"inLanguage":"sv-SE"},{"@type":"WebPage","@id":"https:\/\/www.tonin-avain-ja-suutari.fi\/sv\/integritetspolicy\/#webpage","url":"https:\/\/www.tonin-avain-ja-suutari.fi\/sv\/integritetspolicy\/","name":"Integritetspolicy - Tonis nyckel och skomakare","isPartOf":{"@id":"https:\/\/www.tonin-avain-ja-suutari.fi\/sv\/#website"},"datePublished":"2023-11-30T08:20:32+00:00","dateModified":"2023-12-08T03:49:41+00:00","breadcrumb":{"@id":"https:\/\/www.tonin-avain-ja-suutari.fi\/sv\/integritetspolicy\/#breadcrumb"},"inLanguage":"sv-SE","potentialAction":[{"@type":"ReadAction","target":["https:\/\/www.tonin-avain-ja-suutari.fi\/sv\/integritetspolicy\/"]}]},{"@type":"BreadcrumbList","@id":"https:\/\/www.tonin-avain-ja-suutari.fi\/sv\/integritetspolicy\/#breadcrumb","itemListElement":[{"@type":"ListItem","position":1,"name":"Hem","item":"https:\/\/www.tonin-avain-ja-suutari.fi\/sv\/"},{"@type":"ListItem","position":2,"name":"Integritetspolicy"}]}]}},"_links":{"self":[{"href":"https:\/\/www.tonin-avain-ja-suutari.fi\/sv\/wp-json\/wp\/v2\/pages\/629","targetHints":{"allow":["GET"]}}],"collection":[{"href":"https:\/\/www.tonin-avain-ja-suutari.fi\/sv\/wp-json\/wp\/v2\/pages"}],"about":[{"href":"https:\/\/www.tonin-avain-ja-suutari.fi\/sv\/wp-json\/wp\/v2\/types\/page"}],"author":[{"embeddable":true,"href":"https:\/\/www.tonin-avain-ja-suutari.fi\/sv\/wp-json\/wp\/v2\/users\/1"}],"replies":[{"embeddable":true,"href":"https:\/\/www.tonin-avain-ja-suutari.fi\/sv\/wp-json\/wp\/v2\/comments?post=629"}],"version-history":[{"count":1,"href":"https:\/\/www.tonin-avain-ja-suutari.fi\/sv\/wp-json\/wp\/v2\/pages\/629\/revisions"}],"predecessor-version":[{"id":630,"href":"https:\/\/www.tonin-avain-ja-suutari.fi\/sv\/wp-json\/wp\/v2\/pages\/629\/revisions\/630"}],"wp:attachment":[{"href":"https:\/\/www.tonin-avain-ja-suutari.fi\/sv\/wp-json\/wp\/v2\/media?parent=629"}],"curies":[{"name":"wp","href":"https:\/\/api.w.org\/{rel}","templated":true}]}}