{"id":466,"date":"2023-12-02T14:26:26","date_gmt":"2023-12-02T12:26:26","guid":{"rendered":"https:\/\/www.tonin-avain-ja-suutari.fi\/villkor\/"},"modified":"2023-12-03T17:29:00","modified_gmt":"2023-12-03T15:29:00","slug":"villkor","status":"publish","type":"page","link":"https:\/\/www.tonin-avain-ja-suutari.fi\/sv\/villkor\/","title":{"rendered":"Villkor"},"content":{"rendered":"\t\t<div data-elementor-type=\"wp-page\" data-elementor-id=\"466\" class=\"elementor elementor-466 elementor-283\" data-elementor-post-type=\"page\">\n\t\t\t\t<div class=\"elementor-element elementor-element-70a8910 e-flex e-con-boxed e-con e-parent\" data-id=\"70a8910\" data-element_type=\"container\" data-e-type=\"container\">\n\t\t\t\t\t<div class=\"e-con-inner\">\n\t\t\t\t<div class=\"elementor-element elementor-element-7155884 elementor-widget elementor-widget-text-editor\" data-id=\"7155884\" data-element_type=\"widget\" data-e-type=\"widget\" data-widget_type=\"text-editor.default\">\n\t\t\t\t<div class=\"elementor-widget-container\">\n\t\t\t\t\t\t\t\t\t<p><strong>TONI&#8217;S KEY OCH SHOEMAKER&#8217;S TILLK\u00c4NNAGIVANDE OM ANV\u00c4NDNINGEN AV WORLD WIDE WEB SIDOR<strong><\/strong><\/strong><\/p>\n<p>Inkluderar a<strong>nv\u00e4ndarvillkor (avsnitt 1)<\/strong> och <strong>Integritetspolicy (avsnitt 2)<\/strong>.<\/p>\n<ol>\n<li><strong> VILLKOR<\/strong><\/li>\n<\/ol>\n<p>Sopimuksen voimaantulo: Avaamalla TONIN AVAIN JA SUUTARI World Wide Web -sivut hyv\u00e4ksyt ja sitoudut noudattamaan n\u00e4it\u00e4 k\u00e4ytt\u00f6ehtoja. Det \u00e4r inte till\u00e5tet att anv\u00e4nda webbplatsen om du inte accepterar dessa anv\u00e4ndarvillkor.<\/p>\n<p>I framtiden betyder &#8221;Anv\u00e4ndare&#8221; den juridiska eller fysiska person som enligt detta avtal har r\u00e4tt att anv\u00e4nda TON&#8217;S KEY AND SHOEMAKER&#8217;S World Wide Web-sidor. <a href=\"http:\/\/www.tonin-avain-ja-suutari.fi\">I framtiden betyder &#8221; TONI&#8217;S KEY AND SHOEMAKER &#8221; en juridisk eller fysisk person som \u00e4r innehavare av ett www.tonin-avain-ja-suutari.fi dom\u00e4nnamn.<\/a><\/p>\n<p>TONI&#8217;S KEY AND SHOEMAKER World Wide Web-sidor inneh\u00e5ller upphovsr\u00e4ttsskyddat material. Alla r\u00e4ttigheter som inte uttryckligen beviljas i dessa anv\u00e4ndarvillkor \u00e4r f\u00f6rbeh\u00e5llna. Det \u00e4r f\u00f6rbjudet att kopiera, \u00f6verf\u00f6ra, distribuera eller spara inneh\u00e5llet p\u00e5 sidorna eller delar av dem i n\u00e5gon form utan f\u00f6reg\u00e5ende skriftligt medgivande av TONIN AVAIN JA SUUTARI, med undantag f\u00f6r de undantag som n\u00e4mns i dessa anv\u00e4ndarvillkor. <a href=\"http:\/\/www.tonin-avain-ja-suutari.fi\">www.tonin-avain-ja-suutari.fi Du f\u00e5r visa webbsidorna p\u00e5 en dator (eller liknande enhet) och skriva ut delar av dem f\u00f6r personligt bruk.<\/a> Det \u00e4r f\u00f6rbjudet att sprida inneh\u00e5llet p\u00e5 sidorna, \u00e4ven delvis, utan att TONIN AVAIN JA SUUTARI p\u00e5 f\u00f6rhand har gett ett separat skriftligt samtycke.<\/p>\n<p><a href=\"http:\/\/www.tonin-avain-ja-suutari.fi\"><\/a><a href=\"http:\/\/www.tonin-avain-ja-suutari.fi\">www.tonin-avain-ja-suutari.fi webbsidor och deras inneh\u00e5ll \u00e4r en tj\u00e4nst som tillhandah\u00e5lls av TONI KEY AND SHOEMAKER till anv\u00e4ndarna av sidorna. www.tonin-avain-ja-suutari.fi webbsidor tillhandah\u00e5lls &#8221;i befintligt skick&#8221;.<\/a> TON&#8217;S KEY AND SHOEMAKER garanterar inte att sidorna kan anv\u00e4ndas utan avbrott eller fel. TONIN AVAIN JA SUUTARI f\u00f6rbeh\u00e5ller sig r\u00e4tten att n\u00e4r som helst g\u00f6ra \u00e4ndringar p\u00e5 webbplatsen eller begr\u00e4nsa \u00e5tkomsten till den. TONI&#8217;S KEY AND SHOEMAKER OCH REDAKT\u00d6REN F\u00d6R TEXTEN GER INGA GARANTIER F\u00d6R SIDORNAS TILLG\u00c4NGLIGHET, RIKTIGHET, TILLF\u00d6RLITLIGHET ELLER INNEH\u00c5LL, OCH INTE HELLER F\u00d6R INNEH\u00c5LLETS L\u00c4MPLIGHET F\u00d6R HANDEL ELLER N\u00c5GOT S\u00c4RSKILT \u00c4NDAM\u00c5L. TONI&#8217;S KEY AND SHOEMAKER OCH TEXTREDIGERAREN SKA INTE H\u00c5LLAS ANSVARIGA F\u00d6R N\u00c5GRA DIREKTA, INDIREKTA, TILLF\u00c4LLIGA, S\u00c4RSKILDA ELLER F\u00d6LJDSKADOR, UTEBLIVEN VINST ELLER AVBROTT I VERKSAMHETEN SOM ORSAKAS AV TJ\u00c4NSTEN SOM TILLHANDAH\u00c5LLS P\u00c5 WEBBPLATSEN ELLER DESS AVBROTT, \u00c4VEN OM TONI&#8217;S KEY AND SHOEMAKER ELLER REDAKT\u00d6REN F\u00d6R TEXTEN HAR INFORMERATS OM RISKEN F\u00d6R S\u00c5DAN SKADA. <a href=\"http:\/\/www.tonin-avain-ja-suutari.fi\">TONI&#8217;S KEY AND SHOEMAKER, www.tonin-avain-ja-suutari.fi DOM\u00c4NNAMNSINNEHAVARENS OCH TEXTREDIGERARENS ANSVAR \u00c4R INGET ANNAT \u00c4N DE TVINGANDE BEST\u00c4MMELSERNA I FINSK LAG.<\/a><\/p>\n<p><a href=\"http:\/\/www.tonin-avain-ja-suutari.fi\">www.tonin-avain-ja-suutari.fi webbsidor kan inneh\u00e5lla l\u00e4nkar till sidor som \u00e4gs eller drivs av tredje part.<\/a> TONIN AVAIN JA SUUTARI och redakt\u00f6ren f\u00f6r texten ansvarar inte f\u00f6r material som finns p\u00e5 tredje parters webbplatser. <a href=\"http:\/\/www.tonin-avain-ja-suutari.fi\"><\/a><a href=\"http:\/\/www.tonin-avain-ja-suutari.fi\">Att det finns en l\u00e4nk till en tredje part utanf\u00f6r www.tonin-avain-ja-suutari.fi p\u00e5 www.tonin-avain-ja-suutari.fi World Wide Web inneb\u00e4r inte heller att TONIN AVAIN JA SUUTARI eller redakt\u00f6ren f\u00f6r texten st\u00f6der sidorna i fr\u00e5ga eller de produkter eller tj\u00e4nster som n\u00e4mns p\u00e5 dem.<\/a><\/p>\n<p><strong>Anv\u00e4ndarens \u00f6vriga r\u00e4ttigheter och skyldigheter<\/strong><\/p>\n<p><a href=\"http:\/\/www.tonin-avain-ja-suutari.fi\">Anv\u00e4ndaren har r\u00e4tt att anv\u00e4nda www.tonin-avain-ja-suutari.fi webbsidor i enlighet med villkoren i detta avtal f\u00f6r \u00e4ndam\u00e5l som \u00e4r f\u00f6renliga med lag och god sed.<\/a><\/p>\n<p><a href=\"http:\/\/www.tonin-avain-ja-suutari.fi\">Om anv\u00e4ndaren registrerar sig f\u00f6r www.tonin-avain-ja-suutari.fi webbsidor kommer han\/hon att f\u00e5 ett personligt anv\u00e4ndarnamn och l\u00f6senord.<\/a> Anv\u00e4ndaren ansvarar f\u00f6r att anv\u00e4ndarnamn och l\u00f6senord inte avsl\u00f6jas f\u00f6r tredje part. Anv\u00e4ndaren f\u00f6rbinder sig att h\u00e5lla anv\u00e4ndarnamn och l\u00f6senord f\u00f6r sig sj\u00e4lv och att f\u00f6rvara dem omsorgsfullt. Anv\u00e4ndaren \u00e4r ansvarig f\u00f6r all anv\u00e4ndning av hans\/hennes anv\u00e4ndarnamn och l\u00f6senord.<\/p>\n<p>TONIN AVAIN JA SUUTARI ansvarar inte f\u00f6r lagligheten eller riktigheten av det Material som producerats av anv\u00e4ndare (material i alla format, s\u00e5som text, bild, video etc.). <a href=\"http:\/\/www.tonin-avain-ja-suutari.fi\">Varje anv\u00e4ndare \u00e4r ansvarig f\u00f6r sina egna \u00e5sikter och www.tonin-avain-ja-suutari.fi f\u00f6r det material de producerar eller visar p\u00e5 World Wide Web (material i n\u00e5gon form, s\u00e5som text, bild, video etc.).<\/a> <a href=\"http:\/\/www.tonin-avain-ja-suutari.fi\">Att en anv\u00e4ndares \u00e5sikt visas p\u00e5 www.tonin-avain-ja-suutari.fi webbsidor betyder inte att \u00e5sikten n\u00f6dv\u00e4ndigtvis representerar TONI&#8217;S KEY AND SHOEMAKER&#8217;S st\u00e5ndpunkt.<\/a><\/p>\n<p><a href=\"http:\/\/www.tonin-avain-ja-suutari.fi\">Anv\u00e4ndaren f\u00f6rbinder sig att inte lagra, distribuera, \u00f6verf\u00f6ra eller \u00f6verf\u00f6ra material p\u00e5 www.tonin-avain-ja-suutari.fi webbsidor (material i n\u00e5gon form, s\u00e5som text, bild, video etc.) som strider mot lag eller god sed, uppmuntrar till aktiviteter som strider mot lag eller god sed, eller fr\u00e4mjar aktiviteter som strider mot lag eller god sed.<\/a> <a href=\"http:\/\/www.tonin-avain-ja-suutari.fi\">Anv\u00e4ndaren ansvarar f\u00f6r att inte lagra, distribuera, \u00f6verf\u00f6ra eller \u00f6verf\u00f6ra p\u00e5 eller via World Wide Web www.tonin-avain-ja-suutari.fi material som skyddas av upphovsr\u00e4tt, varum\u00e4rke eller andra immateriella r\u00e4ttigheter (material i n\u00e5gon form, s\u00e5som text, bild, video etc.) utan tillst\u00e5nd fr\u00e5n f\u00f6rfattaren eller r\u00e4ttighetsinnehavaren.<\/a><\/p>\n<p>TONIN AVAIN JA SUUTARILLA har r\u00e4tt, men inte skyldighet, att inspektera, \u00e4ndra eller f\u00f6rbjuda material i n\u00e5gon form, s\u00e5som text, bild, video etc., som de anser vara ol\u00e4mpliga. publicering, s\u00e4rskilt om detta strider mot lagar, god sed eller andra villkor som \u00e4r bindande f\u00f6r TONI&#8217;S KEY AND SHOEMAKER (t.ex. marknadsf\u00f6ring). TON&#8217;S KEY AND SHOEMAKER har r\u00e4tt att efter eget gottfinnande f\u00f6rkorta och\/eller ta bort <a href=\"http:\/\/www.tonin-avain-ja-suutari.fi\">www.tonin-avain-ja-suutari.fi<\/a> P\u00e5 webbens anv\u00e4ndare <a href=\"http:\/\/www.tonin-avain-ja-suutari.fi\">www.tonin-avain-ja-suutari.fi<\/a> material som visas p\u00e5 World Wide Web (material i n\u00e5gon form, s\u00e5som text, bild, video, etc.) f\u00f6re publicering och \u00e4ven n\u00e4r som helst efter publicering. TONIN AVAIN JA SUUTARI har r\u00e4tt att f\u00f6rhindra anv\u00e4ndningen av anv\u00e4ndarens webbsidor <a href=\"http:\/\/www.tonin-avain-ja-suutari.fi\">www.tonin-avain-ja-suutari.fi<\/a> om TONIN AVAIN JA SUUTARI har sk\u00e4l att misst\u00e4nka att <a href=\"http:\/\/www.tonin-avain-ja-suutari.fi\">www.tonin-avain-ja-suutari.fi<\/a> webbsidor anv\u00e4nds f\u00f6r \u00e4ndam\u00e5l som strider mot lag eller god sed eller om en myndighet beg\u00e4r det. Anv\u00e4ndaren \u00e4r direkt ansvarig gentemot den part vars r\u00e4ttigheter han\/hon har kr\u00e4nkt genom eventuellt missbruk och olaglig och\/eller avtalsenlig verksamhet.<\/p>\n<p><a href=\"http:\/\/www.tonin-avain-ja-suutari.fi\">Anv\u00e4ndaren ger TONI&#8217;S KEY AND SHOEMAKER r\u00e4tt att, under avtalets giltighetstid och efter dess upph\u00f6rande, redigera, kopiera, publicera eller p\u00e5 annat s\u00e4tt kostnadsfritt tillg\u00e4ngligg\u00f6ra material (material i alla former, t.ex. text, bild, video etc.) som anv\u00e4ndaren g\u00f6r tillg\u00e4ngligt p\u00e5 www.tonin-avain-ja-suutari.fi webbsidor.<\/a><\/p>\n<p><a href=\"http:\/\/www.tonin-avain-ja-suutari.fi\">Anv\u00e4ndaren \u00e4r medveten om att Internet \u00e4r en driftsmilj\u00f6 som kan orsaka brister i funktionaliteten www.tonin-avain-ja-suutari.fi webbsidor och att informationss\u00e4kerheten \u00e4r en risk i informationssystemen.<\/a> Anv\u00e4ndaren f\u00f6rbinder sig att ansvara f\u00f6r skyddet av sin egen dator, smarta enhet (surfplatta, telefon etc.) eller annan liknande datorenhet.<\/p>\n<p>TONI&#8217;S KEY AND SHOEMAKER har r\u00e4tt att \u00e4ndra Anv\u00e4ndarens <a href=\"http:\/\/www.tonin-avain-ja-suutari.fi\">www.tonin-avain-ja-suutari.fi<\/a> Information om anv\u00e4ndningen av webbsidor (t.ex. anv\u00e4ndarnamn och l\u00f6senord) i h\u00e4ndelse av problem (t.ex. avvikelser eller dubblering) <a href=\"http:\/\/www.tonin-avain-ja-suutari.fi\">www.tonin-avain-ja-suutari.fi<\/a> i webbsidornas informationssystem, strider mot lag eller god sed (t.ex. st\u00f6tande eller reklam) eller om TONIN AVAIN JA SUUTARI anser att \u00e4ndringen \u00e4r n\u00f6dv\u00e4ndig f\u00f6r att genomf\u00f6ra s\u00e4kerhets\u00e5tg\u00e4rder eller av n\u00e5gon annan motiverad anledning.<\/p>\n<p><a href=\"http:\/\/www.tonin-avain-ja-suutari.fi\">TONIN AVAIN JA SUUTARI str\u00e4var efter att s\u00e4kerst\u00e4lla att www.tonin-avain-ja-suutari.fi webbsidor uppfyller rimliga krav p\u00e5 informationss\u00e4kerhet.<\/a> TONIN AVAIN JA SUUTARI ansvarar dock inte f\u00f6r skador som orsakas anv\u00e4ndaren p\u00e5 grund av brister i datas\u00e4kerheten eller datas\u00e4kerhetsrisker (t.ex. datavirus).<\/p>\n<p>P\u00e5 detta avtal till\u00e4mpas finsk lag. Meningsskiljaktigheter som uppst\u00e5r i anledning av detta avtal och som inte kan l\u00f6sas genom f\u00f6rhandling avg\u00f6rs av allm\u00e4n domstol i Finland.<\/p>\n<ol start=\"2\">\n<li><strong> INTEGRITETSPOLICY<\/strong><\/li>\n<\/ol>\n<p>Vi anv\u00e4nder tredjepartsreklamf\u00f6retag f\u00f6r att visa annonser f\u00f6r webbplatsbes\u00f6kare. Dessa f\u00f6retag kan anv\u00e4nda information fr\u00e5n dina bes\u00f6k p\u00e5 denna och andra webbplatser (exklusive ditt namn, adress, e-postadress eller telefonnummer) f\u00f6r att visa annonser f\u00f6r produkter och tj\u00e4nster som \u00e4r av intresse f\u00f6r dig. <a href=\"https:\/\/policies.google.com\/technologies\/partner-sites\">Om du vill veta mer om denna policy och dina alternativ om du vill v\u00e4lja bort dessa f\u00f6retags anv\u00e4ndning av din information, klicka h\u00e4r.<\/a><\/p>\n<p><a href=\"https:\/\/www.pienimatkaopas.com\/tekstit\/evasteet.html\">Se \u00e4ven hur vi anv\u00e4nder cookies.<\/a><\/p>\n<\/p>\n<div id=\"simple-translate\" class=\"simple-translate-system-theme\">\n<div>\n<div class=\"simple-translate-button isShow\" style=\"background-image: url('moz-extension:\/\/310da080-40ff-4a68-bbb3-58ec266352ee\/icons\/512.png'); height: 22px; width: 22px; top: 18px; left: -11px;\"> <\/div>\n<div class=\"simple-translate-panel \" style=\"width: 300px; height: 200px; top: 0px; left: 0px; font-size: 13px;\">\n<div class=\"simple-translate-result-wrapper\" style=\"overflow: hidden;\">\n<div class=\"simple-translate-move\" draggable=\"true\"> <\/div>\n<div class=\"simple-translate-result-contents\">\n<p class=\"simple-translate-result\" dir=\"auto\">\n<p class=\"simple-translate-candidate\" dir=\"auto\">\n<\/div>\n<\/div>\n<\/div>\n<\/div>\n<\/div>\n\t\t\t\t\t\t\t\t<\/div>\n\t\t\t\t<\/div>\n\t\t\t\t\t<\/div>\n\t\t\t\t<\/div>\n\t\t\t\t<\/div>\n\t\t","protected":false},"excerpt":{"rendered":"<p>TONI&#8217;S KEY OCH SHOEMAKER&#8217;S TILLK\u00c4NNAGIVANDE OM ANV\u00c4NDNINGEN AV WORLD WIDE WEB SIDOR Inkluderar anv\u00e4ndarvillkor (avsnitt 1) och Integritetspolicy (avsnitt 2). VILLKOR Sopimuksen voimaantulo: Avaamalla TONIN AVAIN JA SUUTARI World Wide Web -sivut hyv\u00e4ksyt ja sitoudut noudattamaan n\u00e4it\u00e4 k\u00e4ytt\u00f6ehtoja. Det \u00e4r inte till\u00e5tet att anv\u00e4nda webbplatsen om du inte accepterar dessa anv\u00e4ndarvillkor. I framtiden betyder &#8221;Anv\u00e4ndare&#8221; [&hellip;]<\/p>\n","protected":false},"author":1,"featured_media":0,"parent":0,"menu_order":0,"comment_status":"closed","ping_status":"closed","template":"","meta":{"site-sidebar-layout":"default","site-content-layout":"","ast-site-content-layout":"default","site-content-style":"default","site-sidebar-style":"default","ast-global-header-display":"","ast-banner-title-visibility":"","ast-main-header-display":"","ast-hfb-above-header-display":"","ast-hfb-below-header-display":"","ast-hfb-mobile-header-display":"","site-post-title":"","ast-breadcrumbs-content":"","ast-featured-img":"","footer-sml-layout":"","ast-disable-related-posts":"","theme-transparent-header-meta":"","adv-header-id-meta":"","stick-header-meta":"","header-above-stick-meta":"","header-main-stick-meta":"","header-below-stick-meta":"","astra-migrate-meta-layouts":"default","ast-page-background-enabled":"default","ast-page-background-meta":{"desktop":{"background-color":"var(--ast-global-color-4)","background-image":"","background-repeat":"repeat","background-position":"center center","background-size":"auto","background-attachment":"scroll","background-type":"","background-media":"","overlay-type":"","overlay-color":"","overlay-opacity":"","overlay-gradient":""},"tablet":{"background-color":"","background-image":"","background-repeat":"repeat","background-position":"center center","background-size":"auto","background-attachment":"scroll","background-type":"","background-media":"","overlay-type":"","overlay-color":"","overlay-opacity":"","overlay-gradient":""},"mobile":{"background-color":"","background-image":"","background-repeat":"repeat","background-position":"center center","background-size":"auto","background-attachment":"scroll","background-type":"","background-media":"","overlay-type":"","overlay-color":"","overlay-opacity":"","overlay-gradient":""}},"ast-content-background-meta":{"desktop":{"background-color":"var(--ast-global-color-5)","background-image":"","background-repeat":"repeat","background-position":"center center","background-size":"auto","background-attachment":"scroll","background-type":"","background-media":"","overlay-type":"","overlay-color":"","overlay-opacity":"","overlay-gradient":""},"tablet":{"background-color":"var(--ast-global-color-5)","background-image":"","background-repeat":"repeat","background-position":"center center","background-size":"auto","background-attachment":"scroll","background-type":"","background-media":"","overlay-type":"","overlay-color":"","overlay-opacity":"","overlay-gradient":""},"mobile":{"background-color":"var(--ast-global-color-5)","background-image":"","background-repeat":"repeat","background-position":"center center","background-size":"auto","background-attachment":"scroll","background-type":"","background-media":"","overlay-type":"","overlay-color":"","overlay-opacity":"","overlay-gradient":""}},"footnotes":""},"class_list":["post-466","page","type-page","status-publish","hentry"],"yoast_head":"<!-- This site is optimized with the Yoast SEO Premium plugin v17.4 (Yoast SEO v17.4) - https:\/\/yoast.com\/wordpress\/plugins\/seo\/ -->\n<title>Villkor - Tonis nyckel och skomakare<\/title>\n<meta name=\"robots\" content=\"index, follow, max-snippet:-1, max-image-preview:large, max-video-preview:-1\" \/>\n<link rel=\"canonical\" href=\"https:\/\/www.tonin-avain-ja-suutari.fi\/sv\/villkor\/\" \/>\n<meta property=\"og:locale\" content=\"sv_SE\" \/>\n<meta property=\"og:type\" content=\"article\" \/>\n<meta property=\"og:title\" content=\"Villkor\" \/>\n<meta property=\"og:description\" content=\"TONI&#8217;S KEY OCH SHOEMAKER&#8217;S TILLK\u00c4NNAGIVANDE OM ANV\u00c4NDNINGEN AV WORLD WIDE WEB SIDOR Inkluderar anv\u00e4ndarvillkor (avsnitt 1) och Integritetspolicy (avsnitt 2). VILLKOR Sopimuksen voimaantulo: Avaamalla TONIN AVAIN JA SUUTARI World Wide Web -sivut hyv\u00e4ksyt ja sitoudut noudattamaan n\u00e4it\u00e4 k\u00e4ytt\u00f6ehtoja. Det \u00e4r inte till\u00e5tet att anv\u00e4nda webbplatsen om du inte accepterar dessa anv\u00e4ndarvillkor. I framtiden betyder &#8221;Anv\u00e4ndare&#8221; [&hellip;]\" \/>\n<meta property=\"og:url\" content=\"https:\/\/www.tonin-avain-ja-suutari.fi\/sv\/villkor\/\" \/>\n<meta property=\"og:site_name\" content=\"Tonis nyckel och skomakare\" \/>\n<meta property=\"article:publisher\" content=\"https:\/\/www.facebook.com\/TonisSuutari\" \/>\n<meta property=\"article:modified_time\" content=\"2023-12-03T15:29:00+00:00\" \/>\n<meta name=\"twitter:card\" content=\"summary_large_image\" \/>\n<meta name=\"twitter:label1\" content=\"Est. reading time\" \/>\n\t<meta name=\"twitter:data1\" content=\"7 minuter\" \/>\n<script type=\"application\/ld+json\" class=\"yoast-schema-graph\">{\"@context\":\"https:\/\/schema.org\",\"@graph\":[{\"@type\":\"Organization\",\"@id\":\"https:\/\/www.tonin-avain-ja-suutari.fi\/sv\/#organization\",\"name\":\"Tonin avain ja Suutari\",\"url\":\"https:\/\/www.tonin-avain-ja-suutari.fi\/sv\/\",\"sameAs\":[\"https:\/\/www.facebook.com\/TonisSuutari\"],\"logo\":{\"@type\":\"ImageObject\",\"@id\":\"https:\/\/www.tonin-avain-ja-suutari.fi\/sv\/#logo\",\"inLanguage\":\"sv-SE\",\"url\":\"https:\/\/www.tonin-avain-ja-suutari.fi\/wp-content\/uploads\/2023\/12\/Suutari-500_500.png\",\"contentUrl\":\"https:\/\/www.tonin-avain-ja-suutari.fi\/wp-content\/uploads\/2023\/12\/Suutari-500_500.png\",\"width\":500,\"height\":346,\"caption\":\"Tonin avain ja Suutari\"},\"image\":{\"@id\":\"https:\/\/www.tonin-avain-ja-suutari.fi\/sv\/#logo\"}},{\"@type\":\"WebSite\",\"@id\":\"https:\/\/www.tonin-avain-ja-suutari.fi\/sv\/#website\",\"url\":\"https:\/\/www.tonin-avain-ja-suutari.fi\/sv\/\",\"name\":\"Tonin Avain ja Suutari\",\"description\":\"Bil\/hemnyckel kopiering\/kodning och skomakartj\\u00e4nster i Vasa\",\"publisher\":{\"@id\":\"https:\/\/www.tonin-avain-ja-suutari.fi\/sv\/#organization\"},\"potentialAction\":[{\"@type\":\"SearchAction\",\"target\":{\"@type\":\"EntryPoint\",\"urlTemplate\":\"https:\/\/www.tonin-avain-ja-suutari.fi\/sv\/?s={search_term_string}\"},\"query-input\":\"required name=search_term_string\"}],\"inLanguage\":\"sv-SE\"},{\"@type\":\"WebPage\",\"@id\":\"https:\/\/www.tonin-avain-ja-suutari.fi\/sv\/villkor\/#webpage\",\"url\":\"https:\/\/www.tonin-avain-ja-suutari.fi\/sv\/villkor\/\",\"name\":\"Villkor - Tonis nyckel och skomakare\",\"isPartOf\":{\"@id\":\"https:\/\/www.tonin-avain-ja-suutari.fi\/sv\/#website\"},\"datePublished\":\"2023-12-02T12:26:26+00:00\",\"dateModified\":\"2023-12-03T15:29:00+00:00\",\"breadcrumb\":{\"@id\":\"https:\/\/www.tonin-avain-ja-suutari.fi\/sv\/villkor\/#breadcrumb\"},\"inLanguage\":\"sv-SE\",\"potentialAction\":[{\"@type\":\"ReadAction\",\"target\":[\"https:\/\/www.tonin-avain-ja-suutari.fi\/sv\/villkor\/\"]}]},{\"@type\":\"BreadcrumbList\",\"@id\":\"https:\/\/www.tonin-avain-ja-suutari.fi\/sv\/villkor\/#breadcrumb\",\"itemListElement\":[{\"@type\":\"ListItem\",\"position\":1,\"name\":\"Hem\",\"item\":\"https:\/\/www.tonin-avain-ja-suutari.fi\/sv\/\"},{\"@type\":\"ListItem\",\"position\":2,\"name\":\"Villkor\"}]}]}<\/script>\n<!-- \/ Yoast SEO Premium plugin. -->","yoast_head_json":{"title":"Villkor - Tonis nyckel och skomakare","robots":{"index":"index","follow":"follow","max-snippet":"max-snippet:-1","max-image-preview":"max-image-preview:large","max-video-preview":"max-video-preview:-1"},"canonical":"https:\/\/www.tonin-avain-ja-suutari.fi\/sv\/villkor\/","og_locale":"sv_SE","og_type":"article","og_title":"Villkor","og_description":"TONI&#8217;S KEY OCH SHOEMAKER&#8217;S TILLK\u00c4NNAGIVANDE OM ANV\u00c4NDNINGEN AV WORLD WIDE WEB SIDOR Inkluderar anv\u00e4ndarvillkor (avsnitt 1) och Integritetspolicy (avsnitt 2). VILLKOR Sopimuksen voimaantulo: Avaamalla TONIN AVAIN JA SUUTARI World Wide Web -sivut hyv\u00e4ksyt ja sitoudut noudattamaan n\u00e4it\u00e4 k\u00e4ytt\u00f6ehtoja. Det \u00e4r inte till\u00e5tet att anv\u00e4nda webbplatsen om du inte accepterar dessa anv\u00e4ndarvillkor. I framtiden betyder &#8221;Anv\u00e4ndare&#8221; [&hellip;]","og_url":"https:\/\/www.tonin-avain-ja-suutari.fi\/sv\/villkor\/","og_site_name":"Tonis nyckel och skomakare","article_publisher":"https:\/\/www.facebook.com\/TonisSuutari","article_modified_time":"2023-12-03T15:29:00+00:00","twitter_card":"summary_large_image","twitter_misc":{"Est. reading time":"7 minuter"},"schema":{"@context":"https:\/\/schema.org","@graph":[{"@type":"Organization","@id":"https:\/\/www.tonin-avain-ja-suutari.fi\/sv\/#organization","name":"Tonin avain ja Suutari","url":"https:\/\/www.tonin-avain-ja-suutari.fi\/sv\/","sameAs":["https:\/\/www.facebook.com\/TonisSuutari"],"logo":{"@type":"ImageObject","@id":"https:\/\/www.tonin-avain-ja-suutari.fi\/sv\/#logo","inLanguage":"sv-SE","url":"https:\/\/www.tonin-avain-ja-suutari.fi\/wp-content\/uploads\/2023\/12\/Suutari-500_500.png","contentUrl":"https:\/\/www.tonin-avain-ja-suutari.fi\/wp-content\/uploads\/2023\/12\/Suutari-500_500.png","width":500,"height":346,"caption":"Tonin avain ja Suutari"},"image":{"@id":"https:\/\/www.tonin-avain-ja-suutari.fi\/sv\/#logo"}},{"@type":"WebSite","@id":"https:\/\/www.tonin-avain-ja-suutari.fi\/sv\/#website","url":"https:\/\/www.tonin-avain-ja-suutari.fi\/sv\/","name":"Tonin Avain ja Suutari","description":"Bil\/hemnyckel kopiering\/kodning och skomakartj\u00e4nster i Vasa","publisher":{"@id":"https:\/\/www.tonin-avain-ja-suutari.fi\/sv\/#organization"},"potentialAction":[{"@type":"SearchAction","target":{"@type":"EntryPoint","urlTemplate":"https:\/\/www.tonin-avain-ja-suutari.fi\/sv\/?s={search_term_string}"},"query-input":"required name=search_term_string"}],"inLanguage":"sv-SE"},{"@type":"WebPage","@id":"https:\/\/www.tonin-avain-ja-suutari.fi\/sv\/villkor\/#webpage","url":"https:\/\/www.tonin-avain-ja-suutari.fi\/sv\/villkor\/","name":"Villkor - Tonis nyckel och skomakare","isPartOf":{"@id":"https:\/\/www.tonin-avain-ja-suutari.fi\/sv\/#website"},"datePublished":"2023-12-02T12:26:26+00:00","dateModified":"2023-12-03T15:29:00+00:00","breadcrumb":{"@id":"https:\/\/www.tonin-avain-ja-suutari.fi\/sv\/villkor\/#breadcrumb"},"inLanguage":"sv-SE","potentialAction":[{"@type":"ReadAction","target":["https:\/\/www.tonin-avain-ja-suutari.fi\/sv\/villkor\/"]}]},{"@type":"BreadcrumbList","@id":"https:\/\/www.tonin-avain-ja-suutari.fi\/sv\/villkor\/#breadcrumb","itemListElement":[{"@type":"ListItem","position":1,"name":"Hem","item":"https:\/\/www.tonin-avain-ja-suutari.fi\/sv\/"},{"@type":"ListItem","position":2,"name":"Villkor"}]}]}},"_links":{"self":[{"href":"https:\/\/www.tonin-avain-ja-suutari.fi\/sv\/wp-json\/wp\/v2\/pages\/466","targetHints":{"allow":["GET"]}}],"collection":[{"href":"https:\/\/www.tonin-avain-ja-suutari.fi\/sv\/wp-json\/wp\/v2\/pages"}],"about":[{"href":"https:\/\/www.tonin-avain-ja-suutari.fi\/sv\/wp-json\/wp\/v2\/types\/page"}],"author":[{"embeddable":true,"href":"https:\/\/www.tonin-avain-ja-suutari.fi\/sv\/wp-json\/wp\/v2\/users\/1"}],"replies":[{"embeddable":true,"href":"https:\/\/www.tonin-avain-ja-suutari.fi\/sv\/wp-json\/wp\/v2\/comments?post=466"}],"version-history":[{"count":1,"href":"https:\/\/www.tonin-avain-ja-suutari.fi\/sv\/wp-json\/wp\/v2\/pages\/466\/revisions"}],"predecessor-version":[{"id":467,"href":"https:\/\/www.tonin-avain-ja-suutari.fi\/sv\/wp-json\/wp\/v2\/pages\/466\/revisions\/467"}],"wp:attachment":[{"href":"https:\/\/www.tonin-avain-ja-suutari.fi\/sv\/wp-json\/wp\/v2\/media?parent=466"}],"curies":[{"name":"wp","href":"https:\/\/api.w.org\/{rel}","templated":true}]}}