{"id":417,"date":"2023-12-01T02:33:45","date_gmt":"2023-12-01T00:33:45","guid":{"rendered":"https:\/\/www.tonin-avain-ja-suutari.fi\/hyvitys-ja-palautuskaytanto\/"},"modified":"2023-12-03T16:22:21","modified_gmt":"2023-12-03T14:22:21","slug":"hyvitys-ja-palautuskaytanto","status":"publish","type":"page","link":"https:\/\/www.tonin-avain-ja-suutari.fi\/sv\/hyvitys-ja-palautuskaytanto\/","title":{"rendered":"\u00c5terbetalnings- och returpolicy"},"content":{"rendered":"\t\t<div data-elementor-type=\"wp-page\" data-elementor-id=\"417\" class=\"elementor elementor-417 elementor-431\" data-elementor-post-type=\"page\">\n\t\t\t\t<div class=\"elementor-element elementor-element-618e2419 e-flex e-con-boxed e-con e-parent\" data-id=\"618e2419\" data-element_type=\"container\" data-e-type=\"container\">\n\t\t\t\t\t<div class=\"e-con-inner\">\n\t\t\t\t<div class=\"elementor-element elementor-element-131072b7 elementor-widget elementor-widget-text-editor\" data-id=\"131072b7\" data-element_type=\"widget\" data-e-type=\"widget\" data-widget_type=\"text-editor.default\">\n\t\t\t\t<div class=\"elementor-widget-container\">\n\t\t\t\t\t\t\t\t\t<header class=\"entry-header\">\n<h1 class=\"entry-title\">\u00c5terbetalnings- och returpolicy<\/h1>\n<\/header>\n<div class=\"entry-content\">\n<p> <\/p>\n<p>I enlighet med konsumentskyddslagstiftningen har v\u00e5ra produkter 14 dagars retur- och \u00e5terbetalningsr\u00e4tt. Om det har g\u00e5tt mer \u00e4n 14 dagar sedan du gjorde din best\u00e4llning kan vi inte erbjuda full \u00e5terbetalning eller byte. <\/p>\n<p> <\/p>\n<p>F\u00f6r att returnera produkten m\u00e5ste den vara oanv\u00e4nd och i samma skick som n\u00e4r den mottogs. Produkten m\u00e5ste ocks\u00e5 vara i sin originalf\u00f6rpackning. Du m\u00e5ste ocks\u00e5 visa upp ett kvitto eller ink\u00f6psbevis.  <\/p>\n<p>Om du har n\u00e5gra fr\u00e5gor om produkten eller vill returnera den, v\u00e4nligen kontakta v\u00e5r kundtj\u00e4nst i f\u00f6rsta hand via e-post toni.vihanto@tonin-avain-ja-suutari.fi<\/p>\n<p> <\/p>\n<p> <\/p>\n<p> <\/p>\n<p> <\/p>\n<p> <\/p>\n<h2>Krediter<\/h2>\n<p> <\/p>\n<p>N\u00e4r den returnerade produkten har mottagits och inspekterats kommer vi att kontakta dig via e-post f\u00f6r att bekr\u00e4fta eller avvisa \u00e5terbetalningskravet. <\/p>\n<p> <\/p>\n<p>Om din beg\u00e4ran om \u00e5terbetalning godk\u00e4nns kommer betalningen automatiskt att returneras till ditt konto med den ursprungliga betalningsmetoden.<\/p>\n<p><b>Sena eller uteblivna returer<\/b><\/p>\n<p> <\/p>\n<p>Om du inte har f\u00e5tt n\u00e5gon \u00e5terbetalning \u00e4nnu, kontrollera ditt bankkonto igen f\u00f6rst. Kontakta sedan din bank eller ditt kreditkortsf\u00f6retag. Ibland kan det ta n\u00e5gra dagar innan \u00e5terbetalningen officiellt krediteras ditt konto.   <\/p>\n<p> <\/p>\n<p><a href=\"mailto:toni.vihanto@tonin-avain-ja-suutari.fi\">Om du fortfarande inte ser en \u00e5terbetalning, v\u00e4nligen kontakta oss via e-post toni.vihanto@tonin-avain-ja-suutari.fi<\/a><\/p>\n<p> <\/p>\n<p><b>Rabatterade produkter<\/b><\/p>\n<p>Endast normalprissatta varor kan \u00e5terbetalas. \u00c5terbetalningar eller byten g\u00e4ller inte f\u00f6r rabatterade produkter.<\/p>\n<p> <\/p>\n<h2>Utbyte<\/h2>\n<p> <\/p>\n<p>Vi byter endast ut produkten om den \u00e4r felaktig eller skadad. <a href=\"mailto:info@gaarna.fi\">Om du vill byta ut en defekt produkt mot en ny liknande produkt, v\u00e4nligen maila oss p\u00e5 toni.vihanto@tonin-avain-ja-suutari.fi och skicka den skadade produkten till: Tonin Avain ja Suutari Oy, Skeppsgatan 13, 65100 Vasa.<\/a><\/p>\n<p> <\/p>\n<p> <\/p>\n<h2>Returnera en best\u00e4llning<\/h2>\n<p> <\/p>\n<p>F\u00f6r att returnera produkten m\u00e5ste du skicka den till: Tonin Avain ja Suutari Oy, Skeppsgatan 13, 65100 Vasa.<\/p>\n<p> <\/p>\n<p>Du m\u00e5ste sj\u00e4lv betala fraktkostnaderna f\u00f6r din f\u00f6rs\u00e4ndelse f\u00f6r att skicka den returnerade produkten. Fraktkostnader \u00e5terbetalas inte. Om du f\u00e5r en \u00e5terbetalning kommer returfraktkostnaden att dras av fr\u00e5n din \u00e5terbetalning.<\/p>\n<p>Vi rekommenderar att du anv\u00e4nder en leveransmetod d\u00e4r du kan anv\u00e4nda sp\u00e5rnings-ID f\u00f6r att sp\u00e5ra paketet. Utan ett sp\u00e5rnings-ID kommer det inte att vara m\u00f6jligt att s\u00e4kerst\u00e4lla att produkten n\u00e5r sin destination.<\/p>\n<p> <\/p>\n<p> <\/p>\n<p> <\/p>\n<p> <\/p>\n<h2>Beh\u00f6ver du hj\u00e4lp?<\/h2>\n<p><a href=\"mailto:toni.vihanto@tonin-avai-ja-suutari.fi\">F\u00f6r \u00e5terbetalningar och returer, v\u00e4nligen kontakta oss p\u00e5 toni.vihanto@tonin-avai-ja-suutari.fi<\/a><\/p>\n<\/div>\n<p> <\/p>\t\t\t\t\t\t\t\t<\/div>\n\t\t\t\t<\/div>\n\t\t\t\t\t<\/div>\n\t\t\t\t<\/div>\n\t\t\t\t<\/div>\n\t\t","protected":false},"excerpt":{"rendered":"<p>\u00c5terbetalnings- och returpolicy I enlighet med konsumentskyddslagstiftningen har v\u00e5ra produkter 14 dagars retur- och \u00e5terbetalningsr\u00e4tt. Om det har g\u00e5tt mer \u00e4n 14 dagar sedan du gjorde din best\u00e4llning kan vi inte erbjuda full \u00e5terbetalning eller byte. F\u00f6r att returnera produkten m\u00e5ste den vara oanv\u00e4nd och i samma skick som n\u00e4r den mottogs. Produkten m\u00e5ste ocks\u00e5 [&hellip;]<\/p>\n","protected":false},"author":1,"featured_media":0,"parent":0,"menu_order":0,"comment_status":"closed","ping_status":"closed","template":"","meta":{"site-sidebar-layout":"default","site-content-layout":"","ast-site-content-layout":"default","site-content-style":"default","site-sidebar-style":"default","ast-global-header-display":"","ast-banner-title-visibility":"","ast-main-header-display":"","ast-hfb-above-header-display":"","ast-hfb-below-header-display":"","ast-hfb-mobile-header-display":"","site-post-title":"","ast-breadcrumbs-content":"","ast-featured-img":"","footer-sml-layout":"","ast-disable-related-posts":"","theme-transparent-header-meta":"","adv-header-id-meta":"","stick-header-meta":"","header-above-stick-meta":"","header-main-stick-meta":"","header-below-stick-meta":"","astra-migrate-meta-layouts":"default","ast-page-background-enabled":"default","ast-page-background-meta":{"desktop":{"background-color":"var(--ast-global-color-4)","background-image":"","background-repeat":"repeat","background-position":"center center","background-size":"auto","background-attachment":"scroll","background-type":"","background-media":"","overlay-type":"","overlay-color":"","overlay-opacity":"","overlay-gradient":""},"tablet":{"background-color":"","background-image":"","background-repeat":"repeat","background-position":"center center","background-size":"auto","background-attachment":"scroll","background-type":"","background-media":"","overlay-type":"","overlay-color":"","overlay-opacity":"","overlay-gradient":""},"mobile":{"background-color":"","background-image":"","background-repeat":"repeat","background-position":"center center","background-size":"auto","background-attachment":"scroll","background-type":"","background-media":"","overlay-type":"","overlay-color":"","overlay-opacity":"","overlay-gradient":""}},"ast-content-background-meta":{"desktop":{"background-color":"var(--ast-global-color-5)","background-image":"","background-repeat":"repeat","background-position":"center center","background-size":"auto","background-attachment":"scroll","background-type":"","background-media":"","overlay-type":"","overlay-color":"","overlay-opacity":"","overlay-gradient":""},"tablet":{"background-color":"var(--ast-global-color-5)","background-image":"","background-repeat":"repeat","background-position":"center center","background-size":"auto","background-attachment":"scroll","background-type":"","background-media":"","overlay-type":"","overlay-color":"","overlay-opacity":"","overlay-gradient":""},"mobile":{"background-color":"var(--ast-global-color-5)","background-image":"","background-repeat":"repeat","background-position":"center center","background-size":"auto","background-attachment":"scroll","background-type":"","background-media":"","overlay-type":"","overlay-color":"","overlay-opacity":"","overlay-gradient":""}},"footnotes":""},"class_list":["post-417","page","type-page","status-publish","hentry"],"yoast_head":"<!-- This site is optimized with the Yoast SEO Premium plugin v17.4 (Yoast SEO v17.4) - https:\/\/yoast.com\/wordpress\/plugins\/seo\/ -->\n<title>\u00c5terbetalnings- och returpolicy - Tonis nyckel och skomakare<\/title>\n<meta name=\"robots\" content=\"index, follow, max-snippet:-1, max-image-preview:large, max-video-preview:-1\" \/>\n<link rel=\"canonical\" href=\"https:\/\/www.tonin-avain-ja-suutari.fi\/sv\/hyvitys-ja-palautuskaytanto\/\" \/>\n<meta property=\"og:locale\" content=\"sv_SE\" \/>\n<meta property=\"og:type\" content=\"article\" \/>\n<meta property=\"og:title\" content=\"\u00c5terbetalnings- och returpolicy\" \/>\n<meta property=\"og:description\" content=\"\u00c5terbetalnings- och returpolicy I enlighet med konsumentskyddslagstiftningen har v\u00e5ra produkter 14 dagars retur- och \u00e5terbetalningsr\u00e4tt. Om det har g\u00e5tt mer \u00e4n 14 dagar sedan du gjorde din best\u00e4llning kan vi inte erbjuda full \u00e5terbetalning eller byte. F\u00f6r att returnera produkten m\u00e5ste den vara oanv\u00e4nd och i samma skick som n\u00e4r den mottogs. Produkten m\u00e5ste ocks\u00e5 [&hellip;]\" \/>\n<meta property=\"og:url\" content=\"https:\/\/www.tonin-avain-ja-suutari.fi\/sv\/hyvitys-ja-palautuskaytanto\/\" \/>\n<meta property=\"og:site_name\" content=\"Tonis nyckel och skomakare\" \/>\n<meta property=\"article:publisher\" content=\"https:\/\/www.facebook.com\/TonisSuutari\" \/>\n<meta property=\"article:modified_time\" content=\"2023-12-03T14:22:21+00:00\" \/>\n<meta name=\"twitter:card\" content=\"summary_large_image\" \/>\n<meta name=\"twitter:label1\" content=\"Est. reading time\" \/>\n\t<meta name=\"twitter:data1\" content=\"2 minuter\" \/>\n<script type=\"application\/ld+json\" class=\"yoast-schema-graph\">{\"@context\":\"https:\/\/schema.org\",\"@graph\":[{\"@type\":\"Organization\",\"@id\":\"https:\/\/www.tonin-avain-ja-suutari.fi\/sv\/#organization\",\"name\":\"Tonin avain ja Suutari\",\"url\":\"https:\/\/www.tonin-avain-ja-suutari.fi\/sv\/\",\"sameAs\":[\"https:\/\/www.facebook.com\/TonisSuutari\"],\"logo\":{\"@type\":\"ImageObject\",\"@id\":\"https:\/\/www.tonin-avain-ja-suutari.fi\/sv\/#logo\",\"inLanguage\":\"sv-SE\",\"url\":\"https:\/\/www.tonin-avain-ja-suutari.fi\/wp-content\/uploads\/2023\/12\/Suutari-500_500.png\",\"contentUrl\":\"https:\/\/www.tonin-avain-ja-suutari.fi\/wp-content\/uploads\/2023\/12\/Suutari-500_500.png\",\"width\":500,\"height\":346,\"caption\":\"Tonin avain ja Suutari\"},\"image\":{\"@id\":\"https:\/\/www.tonin-avain-ja-suutari.fi\/sv\/#logo\"}},{\"@type\":\"WebSite\",\"@id\":\"https:\/\/www.tonin-avain-ja-suutari.fi\/sv\/#website\",\"url\":\"https:\/\/www.tonin-avain-ja-suutari.fi\/sv\/\",\"name\":\"Tonin Avain ja Suutari\",\"description\":\"Bil\/hemnyckel kopiering\/kodning och skomakartj\\u00e4nster i Vasa\",\"publisher\":{\"@id\":\"https:\/\/www.tonin-avain-ja-suutari.fi\/sv\/#organization\"},\"potentialAction\":[{\"@type\":\"SearchAction\",\"target\":{\"@type\":\"EntryPoint\",\"urlTemplate\":\"https:\/\/www.tonin-avain-ja-suutari.fi\/sv\/?s={search_term_string}\"},\"query-input\":\"required name=search_term_string\"}],\"inLanguage\":\"sv-SE\"},{\"@type\":\"WebPage\",\"@id\":\"https:\/\/www.tonin-avain-ja-suutari.fi\/sv\/hyvitys-ja-palautuskaytanto\/#webpage\",\"url\":\"https:\/\/www.tonin-avain-ja-suutari.fi\/sv\/hyvitys-ja-palautuskaytanto\/\",\"name\":\"\\u00c5terbetalnings- och returpolicy - Tonis nyckel och skomakare\",\"isPartOf\":{\"@id\":\"https:\/\/www.tonin-avain-ja-suutari.fi\/sv\/#website\"},\"datePublished\":\"2023-12-01T00:33:45+00:00\",\"dateModified\":\"2023-12-03T14:22:21+00:00\",\"breadcrumb\":{\"@id\":\"https:\/\/www.tonin-avain-ja-suutari.fi\/sv\/hyvitys-ja-palautuskaytanto\/#breadcrumb\"},\"inLanguage\":\"sv-SE\",\"potentialAction\":[{\"@type\":\"ReadAction\",\"target\":[\"https:\/\/www.tonin-avain-ja-suutari.fi\/sv\/hyvitys-ja-palautuskaytanto\/\"]}]},{\"@type\":\"BreadcrumbList\",\"@id\":\"https:\/\/www.tonin-avain-ja-suutari.fi\/sv\/hyvitys-ja-palautuskaytanto\/#breadcrumb\",\"itemListElement\":[{\"@type\":\"ListItem\",\"position\":1,\"name\":\"Hem\",\"item\":\"https:\/\/www.tonin-avain-ja-suutari.fi\/sv\/\"},{\"@type\":\"ListItem\",\"position\":2,\"name\":\"\\u00c5terbetalnings- och returpolicy\"}]}]}<\/script>\n<!-- \/ Yoast SEO Premium plugin. -->","yoast_head_json":{"title":"\u00c5terbetalnings- och returpolicy - Tonis nyckel och skomakare","robots":{"index":"index","follow":"follow","max-snippet":"max-snippet:-1","max-image-preview":"max-image-preview:large","max-video-preview":"max-video-preview:-1"},"canonical":"https:\/\/www.tonin-avain-ja-suutari.fi\/sv\/hyvitys-ja-palautuskaytanto\/","og_locale":"sv_SE","og_type":"article","og_title":"\u00c5terbetalnings- och returpolicy","og_description":"\u00c5terbetalnings- och returpolicy I enlighet med konsumentskyddslagstiftningen har v\u00e5ra produkter 14 dagars retur- och \u00e5terbetalningsr\u00e4tt. Om det har g\u00e5tt mer \u00e4n 14 dagar sedan du gjorde din best\u00e4llning kan vi inte erbjuda full \u00e5terbetalning eller byte. F\u00f6r att returnera produkten m\u00e5ste den vara oanv\u00e4nd och i samma skick som n\u00e4r den mottogs. Produkten m\u00e5ste ocks\u00e5 [&hellip;]","og_url":"https:\/\/www.tonin-avain-ja-suutari.fi\/sv\/hyvitys-ja-palautuskaytanto\/","og_site_name":"Tonis nyckel och skomakare","article_publisher":"https:\/\/www.facebook.com\/TonisSuutari","article_modified_time":"2023-12-03T14:22:21+00:00","twitter_card":"summary_large_image","twitter_misc":{"Est. reading time":"2 minuter"},"schema":{"@context":"https:\/\/schema.org","@graph":[{"@type":"Organization","@id":"https:\/\/www.tonin-avain-ja-suutari.fi\/sv\/#organization","name":"Tonin avain ja Suutari","url":"https:\/\/www.tonin-avain-ja-suutari.fi\/sv\/","sameAs":["https:\/\/www.facebook.com\/TonisSuutari"],"logo":{"@type":"ImageObject","@id":"https:\/\/www.tonin-avain-ja-suutari.fi\/sv\/#logo","inLanguage":"sv-SE","url":"https:\/\/www.tonin-avain-ja-suutari.fi\/wp-content\/uploads\/2023\/12\/Suutari-500_500.png","contentUrl":"https:\/\/www.tonin-avain-ja-suutari.fi\/wp-content\/uploads\/2023\/12\/Suutari-500_500.png","width":500,"height":346,"caption":"Tonin avain ja Suutari"},"image":{"@id":"https:\/\/www.tonin-avain-ja-suutari.fi\/sv\/#logo"}},{"@type":"WebSite","@id":"https:\/\/www.tonin-avain-ja-suutari.fi\/sv\/#website","url":"https:\/\/www.tonin-avain-ja-suutari.fi\/sv\/","name":"Tonin Avain ja Suutari","description":"Bil\/hemnyckel kopiering\/kodning och skomakartj\u00e4nster i Vasa","publisher":{"@id":"https:\/\/www.tonin-avain-ja-suutari.fi\/sv\/#organization"},"potentialAction":[{"@type":"SearchAction","target":{"@type":"EntryPoint","urlTemplate":"https:\/\/www.tonin-avain-ja-suutari.fi\/sv\/?s={search_term_string}"},"query-input":"required name=search_term_string"}],"inLanguage":"sv-SE"},{"@type":"WebPage","@id":"https:\/\/www.tonin-avain-ja-suutari.fi\/sv\/hyvitys-ja-palautuskaytanto\/#webpage","url":"https:\/\/www.tonin-avain-ja-suutari.fi\/sv\/hyvitys-ja-palautuskaytanto\/","name":"\u00c5terbetalnings- och returpolicy - Tonis nyckel och skomakare","isPartOf":{"@id":"https:\/\/www.tonin-avain-ja-suutari.fi\/sv\/#website"},"datePublished":"2023-12-01T00:33:45+00:00","dateModified":"2023-12-03T14:22:21+00:00","breadcrumb":{"@id":"https:\/\/www.tonin-avain-ja-suutari.fi\/sv\/hyvitys-ja-palautuskaytanto\/#breadcrumb"},"inLanguage":"sv-SE","potentialAction":[{"@type":"ReadAction","target":["https:\/\/www.tonin-avain-ja-suutari.fi\/sv\/hyvitys-ja-palautuskaytanto\/"]}]},{"@type":"BreadcrumbList","@id":"https:\/\/www.tonin-avain-ja-suutari.fi\/sv\/hyvitys-ja-palautuskaytanto\/#breadcrumb","itemListElement":[{"@type":"ListItem","position":1,"name":"Hem","item":"https:\/\/www.tonin-avain-ja-suutari.fi\/sv\/"},{"@type":"ListItem","position":2,"name":"\u00c5terbetalnings- och returpolicy"}]}]}},"_links":{"self":[{"href":"https:\/\/www.tonin-avain-ja-suutari.fi\/sv\/wp-json\/wp\/v2\/pages\/417","targetHints":{"allow":["GET"]}}],"collection":[{"href":"https:\/\/www.tonin-avain-ja-suutari.fi\/sv\/wp-json\/wp\/v2\/pages"}],"about":[{"href":"https:\/\/www.tonin-avain-ja-suutari.fi\/sv\/wp-json\/wp\/v2\/types\/page"}],"author":[{"embeddable":true,"href":"https:\/\/www.tonin-avain-ja-suutari.fi\/sv\/wp-json\/wp\/v2\/users\/1"}],"replies":[{"embeddable":true,"href":"https:\/\/www.tonin-avain-ja-suutari.fi\/sv\/wp-json\/wp\/v2\/comments?post=417"}],"version-history":[{"count":4,"href":"https:\/\/www.tonin-avain-ja-suutari.fi\/sv\/wp-json\/wp\/v2\/pages\/417\/revisions"}],"predecessor-version":[{"id":463,"href":"https:\/\/www.tonin-avain-ja-suutari.fi\/sv\/wp-json\/wp\/v2\/pages\/417\/revisions\/463"}],"wp:attachment":[{"href":"https:\/\/www.tonin-avain-ja-suutari.fi\/sv\/wp-json\/wp\/v2\/media?parent=417"}],"curies":[{"name":"wp","href":"https:\/\/api.w.org\/{rel}","templated":true}]}}